{"id":112,"date":"2024-04-27T18:45:18","date_gmt":"2024-04-27T21:45:18","guid":{"rendered":"http:\/\/reitorschiefler.com.br\/?page_id=112"},"modified":"2024-06-03T17:45:11","modified_gmt":"2024-06-03T20:45:11","slug":"home","status":"publish","type":"page","link":"https:\/\/reitorschiefler.com.br\/","title":{"rendered":"Home"},"content":{"rendered":"\t\t<div data-elementor-type=\"wp-page\" data-elementor-id=\"112\" class=\"elementor elementor-112\">\n\t\t\t\t<div class=\"elementor-element elementor-element-527ecd9 e-con-full e-flex e-con e-parent\" data-id=\"527ecd9\" data-element_type=\"container\" data-settings=\"{&quot;background_background&quot;:&quot;slideshow&quot;,&quot;background_slideshow_gallery&quot;:[{&quot;id&quot;:705,&quot;url&quot;:&quot;https:\\\/\\\/reitorschiefler.com.br\\\/wp-content\\\/uploads\\\/2024\\\/05\\\/CAPA-SITE2-2.png&quot;}],&quot;background_slideshow_loop&quot;:&quot;yes&quot;,&quot;background_slideshow_slide_duration&quot;:5000,&quot;background_slideshow_slide_transition&quot;:&quot;fade&quot;,&quot;background_slideshow_transition_duration&quot;:500}\">\n\t\t<div class=\"elementor-element elementor-element-73a3a89 e-con-full e-flex e-con e-child\" data-id=\"73a3a89\" data-element_type=\"container\">\n\t\t\t\t<div class=\"elementor-element elementor-element-2d7d1d4 elementor-widget-mobile__width-initial elementor-widget__width-initial elementor-invisible elementor-widget elementor-widget-heading\" data-id=\"2d7d1d4\" data-element_type=\"widget\" data-settings=\"{&quot;_animation&quot;:&quot;fadeInLeft&quot;}\" data-widget_type=\"heading.default\">\n\t\t\t\t<div class=\"elementor-widget-container\">\n\t\t\t<style>\/*! elementor - v3.21.0 - 25-04-2024 *\/\n.elementor-heading-title{padding:0;margin:0;line-height:1}.elementor-widget-heading .elementor-heading-title[class*=elementor-size-]>a{color:inherit;font-size:inherit;line-height:inherit}.elementor-widget-heading .elementor-heading-title.elementor-size-small{font-size:15px}.elementor-widget-heading .elementor-heading-title.elementor-size-medium{font-size:19px}.elementor-widget-heading .elementor-heading-title.elementor-size-large{font-size:29px}.elementor-widget-heading .elementor-heading-title.elementor-size-xl{font-size:39px}.elementor-widget-heading .elementor-heading-title.elementor-size-xxl{font-size:59px}<\/style><h2 class=\"elementor-heading-title elementor-size-default\">Compromisso,<br>respeito<br>e inova\u00e7\u00e3o.<\/h2>\t\t<\/div>\n\t\t\t\t<\/div>\n\t\t\t\t<div class=\"elementor-element elementor-element-fb9dc5f elementor-align-center elementor-invisible elementor-widget elementor-widget-button\" data-id=\"fb9dc5f\" data-element_type=\"widget\" data-settings=\"{&quot;_animation&quot;:&quot;fadeInDown&quot;}\" data-widget_type=\"button.default\">\n\t\t\t\t<div class=\"elementor-widget-container\">\n\t\t\t\t\t<div class=\"elementor-button-wrapper\">\n\t\t\t<a class=\"elementor-button elementor-button-link elementor-size-sm elementor-animation-pulse-grow\" href=\"https:\/\/reitorschiefler.com.br\/?page_id=120\">\n\t\t\t\t\t\t<span class=\"elementor-button-content-wrapper\">\n\t\t\t\t\t\t\t\t\t<span class=\"elementor-button-text\">Envie suas ideias<\/span>\n\t\t\t\t\t<\/span>\n\t\t\t\t\t<\/a>\n\t\t<\/div>\n\t\t\t\t<\/div>\n\t\t\t\t<\/div>\n\t\t\t\t<\/div>\n\t\t\t\t<\/div>\n\t\t<div class=\"elementor-element elementor-element-8e2d73e e-flex e-con-boxed e-con e-parent\" data-id=\"8e2d73e\" data-element_type=\"container\">\n\t\t\t\t\t<div class=\"e-con-inner\">\n\t\t\t\t<div class=\"elementor-element elementor-element-0dbaaec elementor-align-center elementor-tablet-align-center elementor-invisible elementor-widget elementor-widget-button\" data-id=\"0dbaaec\" data-element_type=\"widget\" data-settings=\"{&quot;_animation&quot;:&quot;fadeIn&quot;}\" data-widget_type=\"button.default\">\n\t\t\t\t<div class=\"elementor-widget-container\">\n\t\t\t\t\t<div class=\"elementor-button-wrapper\">\n\t\t\t<a class=\"elementor-button elementor-button-link elementor-size-sm elementor-animation-pulse-grow\" href=\"https:\/\/drive.google.com\/file\/d\/130VzJJLJd0vqXag2r2GLeDIWI9hvsV3E\/view\" target=\"_blank\">\n\t\t\t\t\t\t<span class=\"elementor-button-content-wrapper\">\n\t\t\t\t\t\t\t\t\t<span class=\"elementor-button-text\">Acesse nosso e-book com os feitos & propostas!<\/span>\n\t\t\t\t\t<\/span>\n\t\t\t\t\t<\/a>\n\t\t<\/div>\n\t\t\t\t<\/div>\n\t\t\t\t<\/div>\n\t\t\t\t\t<\/div>\n\t\t\t\t<\/div>\n\t\t<div class=\"elementor-element elementor-element-cfe52bf e-con-full e-flex e-con e-parent\" data-id=\"cfe52bf\" data-element_type=\"container\">\n\t\t<div class=\"elementor-element elementor-element-278efb4 e-con-full e-flex e-con e-child\" data-id=\"278efb4\" data-element_type=\"container\">\n\t\t\t\t<div class=\"elementor-element elementor-element-0286277 elementor-widget__width-initial elementor-widget-tablet__width-initial elementor-invisible elementor-widget elementor-widget-image\" data-id=\"0286277\" data-element_type=\"widget\" data-settings=\"{&quot;_animation&quot;:&quot;fadeIn&quot;,&quot;_animation_delay&quot;:1}\" data-widget_type=\"image.default\">\n\t\t\t\t<div class=\"elementor-widget-container\">\n\t\t\t<style>\/*! elementor - v3.21.0 - 25-04-2024 *\/\n.elementor-widget-image{text-align:center}.elementor-widget-image a{display:inline-block}.elementor-widget-image a img[src$=\".svg\"]{width:48px}.elementor-widget-image img{vertical-align:middle;display:inline-block}<\/style>\t\t\t\t\t\t\t\t\t\t<img fetchpriority=\"high\" decoding=\"async\" width=\"666\" height=\"1024\" src=\"https:\/\/reitorschiefler.com.br\/wp-content\/uploads\/2024\/04\/Schiefler-1.png\" class=\"attachment-large size-large wp-image-318\" alt=\"\" srcset=\"https:\/\/reitorschiefler.com.br\/wp-content\/uploads\/2024\/04\/Schiefler-1.png 666w, https:\/\/reitorschiefler.com.br\/wp-content\/uploads\/2024\/04\/Schiefler-1-195x300.png 195w\" sizes=\"(max-width: 666px) 100vw, 666px\" \/>\t\t\t\t\t\t\t\t\t\t\t\t\t<\/div>\n\t\t\t\t<\/div>\n\t\t\t\t<\/div>\n\t\t<div class=\"elementor-element elementor-element-f1e72c3 e-con-full e-flex e-con e-child\" data-id=\"f1e72c3\" data-element_type=\"container\">\n\t\t\t\t<div class=\"elementor-element elementor-element-07f7b9b elementor-widget-mobile__width-initial elementor-invisible elementor-widget elementor-widget-heading\" data-id=\"07f7b9b\" data-element_type=\"widget\" data-settings=\"{&quot;_animation&quot;:&quot;fadeInLeft&quot;}\" data-widget_type=\"heading.default\">\n\t\t\t\t<div class=\"elementor-widget-container\">\n\t\t\t<h2 class=\"elementor-heading-title elementor-size-default\">Quem \u00e9 o<\/h2>\t\t<\/div>\n\t\t\t\t<\/div>\n\t\t\t\t<div class=\"elementor-element elementor-element-7e5a915 elementor-widget-mobile__width-initial elementor-invisible elementor-widget elementor-widget-heading\" data-id=\"7e5a915\" data-element_type=\"widget\" data-settings=\"{&quot;_animation&quot;:&quot;fadeInLeft&quot;}\" data-widget_type=\"heading.default\">\n\t\t\t\t<div class=\"elementor-widget-container\">\n\t\t\t<h2 class=\"elementor-heading-title elementor-size-default\">Schiefler?<\/h2>\t\t<\/div>\n\t\t\t\t<\/div>\n\t\t\t\t<div class=\"elementor-element elementor-element-0cd76e7 elementor-invisible elementor-widget elementor-widget-text-editor\" data-id=\"0cd76e7\" data-element_type=\"widget\" data-settings=\"{&quot;_animation&quot;:&quot;fadeInUp&quot;}\" data-widget_type=\"text-editor.default\">\n\t\t\t\t<div class=\"elementor-widget-container\">\n\t\t\t<style>\/*! elementor - v3.21.0 - 25-04-2024 *\/\n.elementor-widget-text-editor.elementor-drop-cap-view-stacked .elementor-drop-cap{background-color:#69727d;color:#fff}.elementor-widget-text-editor.elementor-drop-cap-view-framed .elementor-drop-cap{color:#69727d;border:3px solid;background-color:transparent}.elementor-widget-text-editor:not(.elementor-drop-cap-view-default) .elementor-drop-cap{margin-top:8px}.elementor-widget-text-editor:not(.elementor-drop-cap-view-default) .elementor-drop-cap-letter{width:1em;height:1em}.elementor-widget-text-editor .elementor-drop-cap{float:left;text-align:center;line-height:1;font-size:50px}.elementor-widget-text-editor .elementor-drop-cap-letter{display:inline-block}<\/style>\t\t\t\t<p>Reitor eleito para o mandato (2020-2024) e Professor da <strong>Universidade Tecnol\u00f3gica Federal do Paran\u00e1 \u2013 UTFPR<\/strong>, desde 1992. Engenheiro Mec\u00e2nico (1989), doutor pela UFSC em conjunto com a Universidade alem\u00e3 Helmut-Schmidt-Universit\u00e4t \/ Universit\u00e4t der Bundeswehr Hamburg.<\/p><p>Ops&#8230;<\/p><p>Tudo isso tem no curr\u00edculo Lattes de Marcos Schiefler! Ali\u00e1s, muito importante manter o Lattes atualizado, gente. Vou colocar l\u00e1 no final o link pro curr\u00edculo do Schiefler, pra voc\u00eas analisarem.<\/p><p>Mas aqui o que eu \u00e9 quero contar uma hist\u00f3ria, que me lembra de um autor alem\u00e3o que escreveu algo que o Schiefler fala, que h\u00e1 pessoas que lutam por um dia e s\u00e3o boas; outras que lutam por um ano e s\u00e3o melhores; muitos anos e s\u00e3o melhores ainda; e termina:<strong> \u201cmas h\u00e1 quem lute por toda a vida: estes s\u00e3o os imprescind\u00edveis\u201d.<\/strong><\/p>\t\t\t\t\t\t<\/div>\n\t\t\t\t<\/div>\n\t\t\t\t<\/div>\n\t\t\t\t<\/div>\n\t\t<div class=\"elementor-element elementor-element-e141561 e-con-full e-flex e-con e-parent\" data-id=\"e141561\" data-element_type=\"container\">\n\t\t<div class=\"elementor-element elementor-element-d70f436 e-con-full e-flex e-con e-child\" data-id=\"d70f436\" data-element_type=\"container\">\n\t\t\t\t<div class=\"elementor-element elementor-element-abdd7aa elementor-widget elementor-widget-text-editor\" data-id=\"abdd7aa\" data-element_type=\"widget\" data-widget_type=\"text-editor.default\">\n\t\t\t\t<div class=\"elementor-widget-container\">\n\t\t\t\t\t\t\t<p>Aqui vai a hist\u00f3ria de algu\u00e9m imprescind\u00edvel para mim.<\/p><p>Isso, do Schiefler \u2013 porque somos conhecidos h\u00e1 longa data, ent\u00e3o as formalidades abrem m\u00e3o para uma amizade s\u00f3lida. Por isso estou apresentando ele aqui.<\/p><p>Primeiro \u2013 C\u00c1 ENTRE N\u00d3S!! &#8211; vou contar coisas que ou\u00e7o por ai, pelos p\u00e1tios, salas e corredores destas 13 cidades, nos diferentes campi da UTFPR .<\/p>\t\t\t\t\t\t<\/div>\n\t\t\t\t<\/div>\n\t\t<div class=\"elementor-element elementor-element-1b65403 e-con-full e-flex e-con e-child\" data-id=\"1b65403\" data-element_type=\"container\">\n\t\t\t\t<div class=\"elementor-element elementor-element-2c1d9e1 elementor-widget__width-initial elementor-widget-tablet__width-initial elementor-widget-mobile__width-initial elementor-widget elementor-widget-image\" data-id=\"2c1d9e1\" data-element_type=\"widget\" data-widget_type=\"image.default\">\n\t\t\t\t<div class=\"elementor-widget-container\">\n\t\t\t\t\t\t\t\t\t\t\t\t\t<img decoding=\"async\" src=\"https:\/\/reitorschiefler.com.br\/wp-content\/uploads\/2024\/04\/GIF.gif\" title=\"\" alt=\"\" loading=\"lazy\" \/>\t\t\t\t\t\t\t\t\t\t\t\t\t<\/div>\n\t\t\t\t<\/div>\n\t\t\t\t<\/div>\n\t\t\t\t<\/div>\n\t\t<div class=\"elementor-element elementor-element-5a7271f e-con-full e-flex e-con e-child\" data-id=\"5a7271f\" data-element_type=\"container\">\n\t\t\t\t<div class=\"elementor-element elementor-element-2c6982d elementor-widget__width-initial elementor-widget elementor-widget-text-editor\" data-id=\"2c6982d\" data-element_type=\"widget\" data-widget_type=\"text-editor.default\">\n\t\t\t\t<div class=\"elementor-widget-container\">\n\t\t\t\t\t\t\t<p>\u00c9 muita conversa neste sentido, esse comprometimento e respeito me deixam orgulhosa. Por isso eu sou a melhor pra contar esta hist\u00f3ria.<\/p>\n<p>Ele chegou em 1992. Professor comprometido, din\u00e2mico, dedicado. Os estudantes os amaram desde o primeiro ano. E eu disse: Oba! \u00c9 bem disso que eu gosto. Se envolveu logo em diferentes frentes, apoio \u00e0 gest\u00e3o, consci\u00eancia de que o ent\u00e3o Cefet-Pr era o seu lugar. Sentia orgulho quando contava aos amigos. Mesmo jovem, logo ficou conhecido por sua pr\u00f3-atividade e comprometimento.<\/p><p>Em 2005, quando mudei de nome e de natureza, ele estava l\u00e1 e teve um papel fundamental para que eu me tornasse uma Universidade. A primeira Universidade Tecnol\u00f3gica Federal do Brasil, ele repetia, sorridente. Como ele gosta de mim! Ajudou em diferentes aspectos, como gerente de ensino, estava presente em diferentes frentes, apoiando para que essa transi\u00e7\u00e3o se desse da forma mais eficiente poss\u00edvel.<br><\/p>\t\t\t\t\t\t<\/div>\n\t\t\t\t<\/div>\n\t\t\t\t<div class=\"elementor-element elementor-element-b302d74 elementor-widget elementor-widget-image\" data-id=\"b302d74\" data-element_type=\"widget\" data-widget_type=\"image.default\">\n\t\t\t\t<div class=\"elementor-widget-container\">\n\t\t\t\t\t\t\t\t\t\t\t\t\t<img decoding=\"async\" width=\"800\" height=\"375\" src=\"https:\/\/reitorschiefler.com.br\/wp-content\/uploads\/2024\/04\/UTFPR.png\" class=\"attachment-large size-large wp-image-490\" alt=\"\" srcset=\"https:\/\/reitorschiefler.com.br\/wp-content\/uploads\/2024\/04\/UTFPR.png 960w, https:\/\/reitorschiefler.com.br\/wp-content\/uploads\/2024\/04\/UTFPR-300x141.png 300w, https:\/\/reitorschiefler.com.br\/wp-content\/uploads\/2024\/04\/UTFPR-768x360.png 768w\" sizes=\"(max-width: 800px) 100vw, 800px\" \/>\t\t\t\t\t\t\t\t\t\t\t\t\t<\/div>\n\t\t\t\t<\/div>\n\t\t\t\t<\/div>\n\t\t\t\t<\/div>\n\t\t<div class=\"elementor-element elementor-element-b0be3d5 e-flex e-con-boxed e-con e-parent\" data-id=\"b0be3d5\" data-element_type=\"container\">\n\t\t\t\t\t<div class=\"e-con-inner\">\n\t\t<div class=\"elementor-element elementor-element-6580e9c e-con-full e-flex elementor-invisible e-con e-child\" data-id=\"6580e9c\" data-element_type=\"container\" data-settings=\"{&quot;background_background&quot;:&quot;classic&quot;,&quot;animation&quot;:&quot;fadeInLeft&quot;}\">\n\t\t\t\t<div class=\"elementor-element elementor-element-cc695f5 elementor-widget__width-inherit elementor-widget elementor-widget-text-editor\" data-id=\"cc695f5\" data-element_type=\"widget\" data-widget_type=\"text-editor.default\">\n\t\t\t\t<div class=\"elementor-widget-container\">\n\t\t\t\t\t\t\t<p>De l\u00e1 pra c\u00e1, engajou-se ainda mais para que, al\u00e9m de \u00fanica Universidade Tecnol\u00f3gica, eu fosse a melhor dentre as institui\u00e7\u00f5es de ensino superior deste pa\u00eds. Membro do Conselho Universit\u00e1rio desde 2006, sendo, at\u00e9 hoje, o candidato mais bem votado da hist\u00f3ria; diretor de campus, em Curitiba, por tr\u00eas mandatos, com um trabalho que gerou o reconhecimento da comunidade. Ele \u00e9 avaliador Internacional ad hoc pertencente ao Banco de Pares Avaliadores de Engenharia do Sistema ARCU-SUL\/MERCOSUL \u2013 enfim, algu\u00e9m capacitado para avaliar outras Universidades \u00e9 algu\u00e9m em quem eu posso confiar para fazer o melhor aqui.<\/p><p>Al\u00e9m disso, \u00e9 meu representante, e com destaque, em institui\u00e7\u00f5es nacionais e internacionais \u2013 d\u00e1 uma olhadinha no Lattes dele, \u00e9 bem completinho \u2013 tem feito bonito, mostrando a UTFPR para o mundo!<br><\/p>\t\t\t\t\t\t<\/div>\n\t\t\t\t<\/div>\n\t\t\t\t<\/div>\n\t\t<div class=\"elementor-element elementor-element-d572580 e-con-full e-flex elementor-invisible e-con e-child\" data-id=\"d572580\" data-element_type=\"container\" data-settings=\"{&quot;background_background&quot;:&quot;classic&quot;,&quot;animation&quot;:&quot;fadeInRight&quot;}\">\n\t\t\t\t<div class=\"elementor-element elementor-element-79aac38 elementor-widget__width-inherit elementor-widget elementor-widget-text-editor\" data-id=\"79aac38\" data-element_type=\"widget\" data-widget_type=\"text-editor.default\">\n\t\t\t\t<div class=\"elementor-widget-container\">\n\t\t\t\t\t\t\t<p>Chegou a reitor, merecidamente. Neste site, foram reunidas algumas a\u00e7\u00f5es, das muitas que ele realizou nessa fun\u00e7\u00e3o. Para mim, todas s\u00e3o importantes, mas hoje, quando entramos em um per\u00edodo eleitoral, eu me sinto orgulhosa porque nesses tr\u00eas anos na Reitoria, Schiefler trabalhou no sentido de eu ser uma Universidade realmente democr\u00e1tica. A elei\u00e7\u00e3o para reitor n\u00e3o est\u00e1 mais nas m\u00e3os da pr\u00f3pria Reitoria, o que era uma vergonha, mas \u00e9 dirigida por quem deve ser: as entidades representativas de estudantes, t\u00e9cnicos administrativos e docentes, pois, como diz o Schiefler, \u201ca Universidade \u00e9 formada por pessoas\u201d. E sou mesmo.<\/p><p>E por esta gest\u00e3o voltada a pessoas, buscando ouvir e levar adiante os anseios, as ideias e, com compromisso e respeito, gerar inova\u00e7\u00e3o (veja s\u00f3, me tornei a Universidade mais empreendedora do sul do pa\u00eds!), que eu declaro, de peito aberto:<\/p>\t\t\t\t\t\t<\/div>\n\t\t\t\t<\/div>\n\t\t\t\t<\/div>\n\t\t\t\t\t<\/div>\n\t\t\t\t<\/div>\n\t\t<div class=\"elementor-element elementor-element-17902cc e-flex e-con-boxed elementor-invisible e-con e-parent\" data-id=\"17902cc\" data-element_type=\"container\" data-settings=\"{&quot;animation&quot;:&quot;fadeInDown&quot;}\">\n\t\t\t\t\t<div class=\"e-con-inner\">\n\t\t\t\t<div class=\"elementor-element elementor-element-06ab084 elementor-widget elementor-widget-heading\" data-id=\"06ab084\" data-element_type=\"widget\" data-widget_type=\"heading.default\">\n\t\t\t\t<div class=\"elementor-widget-container\">\n\t\t\t<h2 class=\"elementor-heading-title elementor-size-default\">Eu sou a UTFPR e Marcos Schiefler \u00e9 meu reitor.<\/h2>\t\t<\/div>\n\t\t\t\t<\/div>\n\t\t\t\t\t<\/div>\n\t\t\t\t<\/div>\n\t\t<div class=\"elementor-element elementor-element-f91f682 e-con-full e-flex e-con e-parent\" data-id=\"f91f682\" data-element_type=\"container\">\n\t\t<div class=\"elementor-element elementor-element-3c3c3df e-con-full e-flex e-con e-child\" data-id=\"3c3c3df\" data-element_type=\"container\">\n\t\t\t\t<div class=\"elementor-element elementor-element-ea0bac4 elementor-align-right elementor-invisible elementor-widget elementor-widget-button\" data-id=\"ea0bac4\" data-element_type=\"widget\" data-settings=\"{&quot;_animation&quot;:&quot;fadeIn&quot;}\" data-widget_type=\"button.default\">\n\t\t\t\t<div class=\"elementor-widget-container\">\n\t\t\t\t\t<div class=\"elementor-button-wrapper\">\n\t\t\t<a class=\"elementor-button elementor-button-link elementor-size-sm elementor-animation-pulse-grow\" href=\"http:\/\/lattes.cnpq.br\/4902903540612474\" target=\"_blank\">\n\t\t\t\t\t\t<span class=\"elementor-button-content-wrapper\">\n\t\t\t\t\t\t\t\t\t<span class=\"elementor-button-text\">Curr\u00edculo Lattes<\/span>\n\t\t\t\t\t<\/span>\n\t\t\t\t\t<\/a>\n\t\t<\/div>\n\t\t\t\t<\/div>\n\t\t\t\t<\/div>\n\t\t\t\t<\/div>\n\t\t<div class=\"elementor-element elementor-element-40ef6f0 e-con-full e-flex e-con e-child\" data-id=\"40ef6f0\" data-element_type=\"container\">\n\t\t\t\t<div class=\"elementor-element elementor-element-8b15952 elementor-align-right elementor-widget__width-initial elementor-widget-tablet__width-initial elementor-invisible elementor-widget elementor-widget-button\" data-id=\"8b15952\" data-element_type=\"widget\" data-settings=\"{&quot;_animation&quot;:&quot;fadeIn&quot;}\" data-widget_type=\"button.default\">\n\t\t\t\t<div class=\"elementor-widget-container\">\n\t\t\t\t\t<div class=\"elementor-button-wrapper\">\n\t\t\t<a class=\"elementor-button elementor-button-link elementor-size-sm elementor-animation-pulse-grow\" href=\"https:\/\/www.udual.org\/principal\/wp-content\/uploads\/2023\/03\/Universidades-95-w.pdf\" target=\"_blank\">\n\t\t\t\t\t\t<span class=\"elementor-button-content-wrapper\">\n\t\t\t\t\t\t\t\t\t<span class=\"elementor-button-text\">Artigo \u201cUniversidade Tecnol\u00f3gica brasileira: virtudes, desafios e contradi\u00e7\u00f5es\u201d (em portugu\u00eas e espanhol)<\/span>\n\t\t\t\t\t<\/span>\n\t\t\t\t\t<\/a>\n\t\t<\/div>\n\t\t\t\t<\/div>\n\t\t\t\t<\/div>\n\t\t\t\t<\/div>\n\t\t\t\t<\/div>\n\t\t\t\t<\/div>\n\t\t","protected":false},"excerpt":{"rendered":"<p>Compromisso,respeitoe inova\u00e7\u00e3o. Envie suas ideias Acesse nosso e-book com os feitos &#038; propostas! Quem \u00e9 o Schiefler? Reitor eleito para o mandato (2020-2024) e Professor da Universidade Tecnol\u00f3gica Federal do Paran\u00e1 \u2013 UTFPR, desde 1992. Engenheiro Mec\u00e2nico (1989), doutor pela UFSC em conjunto com a Universidade alem\u00e3 Helmut-Schmidt-Universit\u00e4t \/ Universit\u00e4t der Bundeswehr Hamburg. Ops&#8230; Tudo [&hellip;]<\/p>\n","protected":false},"author":2,"featured_media":0,"parent":0,"menu_order":0,"comment_status":"closed","ping_status":"closed","template":"elementor_header_footer","meta":{"footnotes":""},"_links":{"self":[{"href":"https:\/\/reitorschiefler.com.br\/index.php?rest_route=\/wp\/v2\/pages\/112"}],"collection":[{"href":"https:\/\/reitorschiefler.com.br\/index.php?rest_route=\/wp\/v2\/pages"}],"about":[{"href":"https:\/\/reitorschiefler.com.br\/index.php?rest_route=\/wp\/v2\/types\/page"}],"author":[{"embeddable":true,"href":"https:\/\/reitorschiefler.com.br\/index.php?rest_route=\/wp\/v2\/users\/2"}],"replies":[{"embeddable":true,"href":"https:\/\/reitorschiefler.com.br\/index.php?rest_route=%2Fwp%2Fv2%2Fcomments&post=112"}],"version-history":[{"count":136,"href":"https:\/\/reitorschiefler.com.br\/index.php?rest_route=\/wp\/v2\/pages\/112\/revisions"}],"predecessor-version":[{"id":1070,"href":"https:\/\/reitorschiefler.com.br\/index.php?rest_route=\/wp\/v2\/pages\/112\/revisions\/1070"}],"wp:attachment":[{"href":"https:\/\/reitorschiefler.com.br\/index.php?rest_route=%2Fwp%2Fv2%2Fmedia&parent=112"}],"curies":[{"name":"wp","href":"https:\/\/api.w.org\/{rel}","templated":true}]}}